{"id":387,"date":"2021-07-13T15:49:59","date_gmt":"2021-07-13T13:49:59","guid":{"rendered":"https:\/\/xn--cnov-bpad.com\/?page_id=387"},"modified":"2021-07-13T15:50:00","modified_gmt":"2021-07-13T13:50:00","slug":"les-prestataires","status":"publish","type":"page","link":"https:\/\/xn--cnov-bpad.com\/index.php\/les-prestataires\/","title":{"rendered":"Les prestataires"},"content":{"rendered":"\n<p>Gr\u00e2ce \u00e0 de longues ann\u00e9es de belles exp\u00e9riences de collaboration, <a href=\"http:\/\/xn--cnov-bpad.com\/index.php\/la-creatrice\/\" target=\"_blank\" rel=\"noreferrer noopener\">V\u00e9ronique Delorme<\/a> a s\u00e9lectionn\u00e9 ses prestataires pour leur professionnalisme et leur implication forte dans sa vision cr\u00e9ative <a href=\"http:\/\/xn--cnov-bpad.com\/index.php\/les-prestations-phares\/\" target=\"_blank\" rel=\"noreferrer noopener\">des \u00e9v\u00e8nements<\/a> :<\/p>\n\n\n\n<div class=\"wp-block-columns is-layout-flex wp-container-core-columns-is-layout-9d6595d7 wp-block-columns-is-layout-flex\">\n<div class=\"wp-block-column is-layout-flow wp-block-column-is-layout-flow\" style=\"flex-basis:25%\">\n<figure class=\"wp-block-image size-large\"><a href=\"http:\/\/www.octavesingulier.fr\/\" target=\"_blank\" rel=\"noopener\"><img loading=\"lazy\" decoding=\"async\" width=\"286\" height=\"264\" src=\"http:\/\/xn--cnov-bpad.com\/wp-content\/uploads\/2021\/05\/Cirque_OctaveSingulier_CMJN-3.jpg\" alt=\"Cirque Octave singulier - Logo prestataires\" class=\"wp-image-216\" srcset=\"https:\/\/xn--cnov-bpad.com\/wp-content\/uploads\/2021\/05\/Cirque_OctaveSingulier_CMJN-3.jpg 286w, https:\/\/xn--cnov-bpad.com\/wp-content\/uploads\/2021\/05\/Cirque_OctaveSingulier_CMJN-3-65x60.jpg 65w\" sizes=\"auto, (max-width: 286px) 100vw, 286px\" \/><\/a><\/figure>\n\n\n\n<p><\/p>\n<\/div>\n\n\n\n<div class=\"wp-block-column is-vertically-aligned-center is-layout-flow wp-block-column-is-layout-flow\" style=\"flex-basis:56%\">\n<p>La cr\u00e9ation C\u00e9nov\u00e9 conjug\u00e9e au Cirque Octave Singulier cr\u00e9ent l&#8217;\u00e9merveillement.<\/p>\n<\/div>\n\n\n\n<div class=\"wp-block-column is-layout-flow wp-block-column-is-layout-flow\" style=\"flex-basis:25%\">\n<p> <\/p>\n<\/div>\n<\/div>\n\n\n\n<div class=\"wp-block-columns is-layout-flex wp-container-core-columns-is-layout-9d6595d7 wp-block-columns-is-layout-flex\">\n<div class=\"wp-block-column is-layout-flow wp-block-column-is-layout-flow\">\n<figure class=\"wp-block-image size-large is-resized\"><a href=\"http:\/\/www.gestescenique.com\/\" target=\"_blank\" rel=\"noopener\"><img loading=\"lazy\" decoding=\"async\" src=\"http:\/\/xn--cnov-bpad.com\/wp-content\/uploads\/2021\/05\/LogoGS-Niort-LR-1800x1200-fond-bleu-1-1024x683.jpeg\" alt=\"Geste Sc\u00e9nique - Niort La rochelle - Logo prestataires\" class=\"wp-image-187\" width=\"200\" height=\"133\" srcset=\"https:\/\/xn--cnov-bpad.com\/wp-content\/uploads\/2021\/05\/LogoGS-Niort-LR-1800x1200-fond-bleu-1-1024x683.jpeg 1024w, https:\/\/xn--cnov-bpad.com\/wp-content\/uploads\/2021\/05\/LogoGS-Niort-LR-1800x1200-fond-bleu-1-300x200.jpeg 300w, https:\/\/xn--cnov-bpad.com\/wp-content\/uploads\/2021\/05\/LogoGS-Niort-LR-1800x1200-fond-bleu-1-768x512.jpeg 768w, https:\/\/xn--cnov-bpad.com\/wp-content\/uploads\/2021\/05\/LogoGS-Niort-LR-1800x1200-fond-bleu-1-1536x1024.jpeg 1536w, https:\/\/xn--cnov-bpad.com\/wp-content\/uploads\/2021\/05\/LogoGS-Niort-LR-1800x1200-fond-bleu-1-90x60.jpeg 90w, https:\/\/xn--cnov-bpad.com\/wp-content\/uploads\/2021\/05\/LogoGS-Niort-LR-1800x1200-fond-bleu-1-800x530.jpeg 800w, https:\/\/xn--cnov-bpad.com\/wp-content\/uploads\/2021\/05\/LogoGS-Niort-LR-1800x1200-fond-bleu-1-420x280.jpeg 420w, https:\/\/xn--cnov-bpad.com\/wp-content\/uploads\/2021\/05\/LogoGS-Niort-LR-1800x1200-fond-bleu-1.jpeg 1800w\" sizes=\"auto, (max-width: 200px) 100vw, 200px\" \/><\/a><\/figure>\n\n\n\n<p><\/p>\n<\/div>\n\n\n\n<div class=\"wp-block-column is-vertically-aligned-center is-layout-flow wp-block-column-is-layout-flow\" style=\"flex-basis:50%\">\n<p class=\"has-text-align-left\">Le professionnel labellis\u00e9 du spectacle vivant singulier <br>en Poitou Charentes<\/p>\n<\/div>\n\n\n\n<div class=\"wp-block-column is-layout-flow wp-block-column-is-layout-flow\" style=\"flex-basis:20%\">\n<p>  <\/p>\n<\/div>\n<\/div>\n\n\n\n<div class=\"wp-block-columns is-layout-flex wp-container-core-columns-is-layout-9d6595d7 wp-block-columns-is-layout-flex\">\n<div class=\"wp-block-column is-layout-flow wp-block-column-is-layout-flow\" style=\"flex-basis:33.33%\">\n<figure class=\"wp-block-image size-large is-resized is-style-default\"><a href=\"http:\/\/www.tardivon.fr\/\" target=\"_blank\" rel=\"noopener\"><img loading=\"lazy\" decoding=\"async\" src=\"http:\/\/xn--cnov-bpad.com\/wp-content\/uploads\/2020\/08\/Logo-TARDIVON-pdf-copie-1024x723.jpg\" alt=\"Tardivon - Logo prestataires\" class=\"wp-image-189\" width=\"218\" height=\"154\" srcset=\"https:\/\/xn--cnov-bpad.com\/wp-content\/uploads\/2020\/08\/Logo-TARDIVON-pdf-copie-1024x723.jpg 1024w, https:\/\/xn--cnov-bpad.com\/wp-content\/uploads\/2020\/08\/Logo-TARDIVON-pdf-copie-300x212.jpg 300w, https:\/\/xn--cnov-bpad.com\/wp-content\/uploads\/2020\/08\/Logo-TARDIVON-pdf-copie-768x543.jpg 768w, https:\/\/xn--cnov-bpad.com\/wp-content\/uploads\/2020\/08\/Logo-TARDIVON-pdf-copie-1536x1085.jpg 1536w, https:\/\/xn--cnov-bpad.com\/wp-content\/uploads\/2020\/08\/Logo-TARDIVON-pdf-copie-85x60.jpg 85w, https:\/\/xn--cnov-bpad.com\/wp-content\/uploads\/2020\/08\/Logo-TARDIVON-pdf-copie.jpg 1754w\" sizes=\"auto, (max-width: 218px) 100vw, 218px\" \/><\/a><\/figure>\n\n\n\n<p><\/p>\n<\/div>\n\n\n\n<div class=\"wp-block-column is-vertically-aligned-center is-layout-flow wp-block-column-is-layout-flow\" style=\"flex-basis:59%\">\n<p class=\"has-text-align-left\">Quand la ma\u00eetrise professionnelle sublime l&#8217;instant du partage comme un art de vivre.<\/p>\n<\/div>\n\n\n\n<div class=\"wp-block-column is-layout-flow wp-block-column-is-layout-flow\" style=\"flex-basis:45%\">\n<p>  <\/p>\n<\/div>\n<\/div>\n\n\n\n<div class=\"wp-block-columns is-layout-flex wp-container-core-columns-is-layout-9d6595d7 wp-block-columns-is-layout-flex\">\n<div class=\"wp-block-column is-layout-flow wp-block-column-is-layout-flow\" style=\"flex-basis:26%\">\n<figure class=\"wp-block-image size-large is-resized\"><a href=\"https:\/\/www.icietmaintenantcoaching.com\/\" target=\"_blank\" rel=\"noopener\"><img loading=\"lazy\" decoding=\"async\" src=\"http:\/\/xn--cnov-bpad.com\/wp-content\/uploads\/2021\/06\/15994775_737070059793663_575006466170582316_o-1024x1024.jpg\" alt=\"Image Facebook prestataires\" class=\"wp-image-258\" width=\"201\" height=\"201\" srcset=\"https:\/\/xn--cnov-bpad.com\/wp-content\/uploads\/2021\/06\/15994775_737070059793663_575006466170582316_o-1024x1024.jpg 1024w, https:\/\/xn--cnov-bpad.com\/wp-content\/uploads\/2021\/06\/15994775_737070059793663_575006466170582316_o-300x300.jpg 300w, https:\/\/xn--cnov-bpad.com\/wp-content\/uploads\/2021\/06\/15994775_737070059793663_575006466170582316_o-150x150.jpg 150w, https:\/\/xn--cnov-bpad.com\/wp-content\/uploads\/2021\/06\/15994775_737070059793663_575006466170582316_o-768x768.jpg 768w, https:\/\/xn--cnov-bpad.com\/wp-content\/uploads\/2021\/06\/15994775_737070059793663_575006466170582316_o-60x60.jpg 60w, https:\/\/xn--cnov-bpad.com\/wp-content\/uploads\/2021\/06\/15994775_737070059793663_575006466170582316_o.jpg 1285w\" sizes=\"auto, (max-width: 201px) 100vw, 201px\" \/><\/a><\/figure>\n\n\n\n<p><\/p>\n<\/div>\n\n\n\n<div class=\"wp-block-column is-vertically-aligned-center is-layout-flow wp-block-column-is-layout-flow\" style=\"flex-basis:49.02%\">\n<p>SOPHIE RONCERAY, ex\u00e9cutive coach HEC et horse coach certifi\u00e9<\/p>\n<\/div>\n<\/div>\n\n\n\n<p>NADINE FORT, <a href=\"https:\/\/yogapoitiersalentours.fr\/\" target=\"_blank\" rel=\"noreferrer noopener\">enseignante Yoga<\/a><\/p>\n\n\n\n<p>FRAN\u00c7OISE LE MEUR , com\u00e9dienne, metteur en Sc\u00e8ne<\/p>\n\n\n\n<p>MARIE CLAUDE DEUDON, danseuse chor\u00e9graphe<\/p>\n","protected":false},"excerpt":{"rendered":"<p>Gr\u00e2ce \u00e0 de longues ann\u00e9es de belles exp\u00e9riences de collaboration, V\u00e9ronique Delorme a s\u00e9lectionn\u00e9 ses prestataires pour leur professionnalisme et leur implication forte dans sa &hellip; <\/p>\n","protected":false},"author":2,"featured_media":36,"parent":0,"menu_order":0,"comment_status":"closed","ping_status":"closed","template":"","meta":{"_monsterinsights_skip_tracking":false,"_monsterinsights_sitenote_active":false,"_monsterinsights_sitenote_note":"","_monsterinsights_sitenote_category":0,"footnotes":""},"class_list":["post-387","page","type-page","status-publish","has-post-thumbnail","hentry"],"yoast_head":"<!-- This site is optimized with the Yoast SEO plugin v24.9 - https:\/\/yoast.com\/wordpress\/plugins\/seo\/ -->\n<title>Les prestataires - C\u00e9nov\u00e9 - cr\u00e9ation d&#039;\u00e9v\u00e8nements en nouvelle-aquitaine<\/title>\n<meta name=\"description\" content=\"C\u00e9nov\u00e9 travaille en confiance avec des prestataires fid\u00e9lis\u00e9s, f\u00e9d\u00e9r\u00e9s autour du l&#039;humain pour cr\u00e9er la magie de l&#039;instant.\" \/>\n<meta name=\"robots\" content=\"index, follow, max-snippet:-1, max-image-preview:large, max-video-preview:-1\" \/>\n<link rel=\"canonical\" href=\"https:\/\/xn--cnov-bpad.com\/index.php\/les-prestataires\/\" \/>\n<meta property=\"og:locale\" content=\"fr_FR\" \/>\n<meta property=\"og:type\" content=\"article\" \/>\n<meta property=\"og:title\" content=\"Les prestataires - C\u00e9nov\u00e9 - cr\u00e9ation d&#039;\u00e9v\u00e8nements en nouvelle-aquitaine\" \/>\n<meta property=\"og:description\" content=\"C\u00e9nov\u00e9 travaille en confiance avec des prestataires fid\u00e9lis\u00e9s, f\u00e9d\u00e9r\u00e9s autour du l&#039;humain pour cr\u00e9er la magie de l&#039;instant.\" \/>\n<meta property=\"og:url\" content=\"https:\/\/xn--cnov-bpad.com\/index.php\/les-prestataires\/\" \/>\n<meta property=\"og:site_name\" content=\"C\u00e9nov\u00e9\" \/>\n<meta property=\"article:modified_time\" content=\"2021-07-13T13:50:00+00:00\" \/>\n<meta property=\"og:image\" content=\"https:\/\/xn--cnov-bpad.com\/wp-content\/uploads\/2021\/05\/ZE1A7623.jpeg\" \/>\n\t<meta property=\"og:image:width\" content=\"1024\" \/>\n\t<meta property=\"og:image:height\" content=\"683\" \/>\n\t<meta property=\"og:image:type\" content=\"image\/jpeg\" \/>\n<meta name=\"twitter:card\" content=\"summary_large_image\" \/>\n<meta name=\"twitter:label1\" content=\"Dur\u00e9e de lecture estim\u00e9e\" \/>\n\t<meta name=\"twitter:data1\" content=\"2 minutes\" \/>\n<script type=\"application\/ld+json\" class=\"yoast-schema-graph\">{\"@context\":\"https:\/\/schema.org\",\"@graph\":[{\"@type\":[\"WebPage\",\"ContactPage\"],\"@id\":\"https:\/\/xn--cnov-bpad.com\/index.php\/les-prestataires\/\",\"url\":\"https:\/\/xn--cnov-bpad.com\/index.php\/les-prestataires\/\",\"name\":\"Les prestataires - C\u00e9nov\u00e9 - cr\u00e9ation d'\u00e9v\u00e8nements en nouvelle-aquitaine\",\"isPartOf\":{\"@id\":\"https:\/\/xn--cnov-bpad.com\/#website\"},\"primaryImageOfPage\":{\"@id\":\"https:\/\/xn--cnov-bpad.com\/index.php\/les-prestataires\/#primaryimage\"},\"image\":{\"@id\":\"https:\/\/xn--cnov-bpad.com\/index.php\/les-prestataires\/#primaryimage\"},\"thumbnailUrl\":\"https:\/\/xn--cnov-bpad.com\/wp-content\/uploads\/2021\/05\/ZE1A7623.jpeg\",\"datePublished\":\"2021-07-13T13:49:59+00:00\",\"dateModified\":\"2021-07-13T13:50:00+00:00\",\"description\":\"C\u00e9nov\u00e9 travaille en confiance avec des prestataires fid\u00e9lis\u00e9s, f\u00e9d\u00e9r\u00e9s autour du l'humain pour cr\u00e9er la magie de l'instant.\",\"breadcrumb\":{\"@id\":\"https:\/\/xn--cnov-bpad.com\/index.php\/les-prestataires\/#breadcrumb\"},\"inLanguage\":\"fr-FR\",\"potentialAction\":[{\"@type\":\"ReadAction\",\"target\":[\"https:\/\/xn--cnov-bpad.com\/index.php\/les-prestataires\/\"]}]},{\"@type\":\"ImageObject\",\"inLanguage\":\"fr-FR\",\"@id\":\"https:\/\/xn--cnov-bpad.com\/index.php\/les-prestataires\/#primaryimage\",\"url\":\"https:\/\/xn--cnov-bpad.com\/wp-content\/uploads\/2021\/05\/ZE1A7623.jpeg\",\"contentUrl\":\"https:\/\/xn--cnov-bpad.com\/wp-content\/uploads\/2021\/05\/ZE1A7623.jpeg\",\"width\":1024,\"height\":683},{\"@type\":\"BreadcrumbList\",\"@id\":\"https:\/\/xn--cnov-bpad.com\/index.php\/les-prestataires\/#breadcrumb\",\"itemListElement\":[{\"@type\":\"ListItem\",\"position\":1,\"name\":\"Accueil\",\"item\":\"https:\/\/xn--cnov-bpad.com\/\"},{\"@type\":\"ListItem\",\"position\":2,\"name\":\"Les prestataires\"}]},{\"@type\":\"WebSite\",\"@id\":\"https:\/\/xn--cnov-bpad.com\/#website\",\"url\":\"https:\/\/xn--cnov-bpad.com\/\",\"name\":\"C\u00e9nov\u00e9\",\"description\":\"Cr\u00e9ation d&#039;\u00e9v\u00e8nements singuliers immersifs en Nouvelle-Aquitaine\",\"publisher\":{\"@id\":\"https:\/\/xn--cnov-bpad.com\/#organization\"},\"potentialAction\":[{\"@type\":\"SearchAction\",\"target\":{\"@type\":\"EntryPoint\",\"urlTemplate\":\"https:\/\/xn--cnov-bpad.com\/?s={search_term_string}\"},\"query-input\":{\"@type\":\"PropertyValueSpecification\",\"valueRequired\":true,\"valueName\":\"search_term_string\"}}],\"inLanguage\":\"fr-FR\"},{\"@type\":\"Organization\",\"@id\":\"https:\/\/xn--cnov-bpad.com\/#organization\",\"name\":\"C\u00e9nov\u00e9\",\"url\":\"https:\/\/xn--cnov-bpad.com\/\",\"logo\":{\"@type\":\"ImageObject\",\"inLanguage\":\"fr-FR\",\"@id\":\"https:\/\/xn--cnov-bpad.com\/#\/schema\/logo\/image\/\",\"url\":\"http:\/\/xn--cnov-bpad.com\/wp-content\/uploads\/2021\/05\/CENOVE_LOGOS-NOIR.png\",\"contentUrl\":\"http:\/\/xn--cnov-bpad.com\/wp-content\/uploads\/2021\/05\/CENOVE_LOGOS-NOIR.png\",\"width\":170,\"height\":51,\"caption\":\"C\u00e9nov\u00e9\"},\"image\":{\"@id\":\"https:\/\/xn--cnov-bpad.com\/#\/schema\/logo\/image\/\"},\"sameAs\":[\"https:\/\/www.instagram.com\/cenove.event\"]}]}<\/script>\n<!-- \/ Yoast SEO plugin. -->","yoast_head_json":{"title":"Les prestataires - C\u00e9nov\u00e9 - cr\u00e9ation d'\u00e9v\u00e8nements en nouvelle-aquitaine","description":"C\u00e9nov\u00e9 travaille en confiance avec des prestataires fid\u00e9lis\u00e9s, f\u00e9d\u00e9r\u00e9s autour du l'humain pour cr\u00e9er la magie de l'instant.","robots":{"index":"index","follow":"follow","max-snippet":"max-snippet:-1","max-image-preview":"max-image-preview:large","max-video-preview":"max-video-preview:-1"},"canonical":"https:\/\/xn--cnov-bpad.com\/index.php\/les-prestataires\/","og_locale":"fr_FR","og_type":"article","og_title":"Les prestataires - C\u00e9nov\u00e9 - cr\u00e9ation d'\u00e9v\u00e8nements en nouvelle-aquitaine","og_description":"C\u00e9nov\u00e9 travaille en confiance avec des prestataires fid\u00e9lis\u00e9s, f\u00e9d\u00e9r\u00e9s autour du l'humain pour cr\u00e9er la magie de l'instant.","og_url":"https:\/\/xn--cnov-bpad.com\/index.php\/les-prestataires\/","og_site_name":"C\u00e9nov\u00e9","article_modified_time":"2021-07-13T13:50:00+00:00","og_image":[{"width":1024,"height":683,"url":"https:\/\/xn--cnov-bpad.com\/wp-content\/uploads\/2021\/05\/ZE1A7623.jpeg","type":"image\/jpeg"}],"twitter_card":"summary_large_image","twitter_misc":{"Dur\u00e9e de lecture estim\u00e9e":"2 minutes"},"schema":{"@context":"https:\/\/schema.org","@graph":[{"@type":["WebPage","ContactPage"],"@id":"https:\/\/xn--cnov-bpad.com\/index.php\/les-prestataires\/","url":"https:\/\/xn--cnov-bpad.com\/index.php\/les-prestataires\/","name":"Les prestataires - C\u00e9nov\u00e9 - cr\u00e9ation d'\u00e9v\u00e8nements en nouvelle-aquitaine","isPartOf":{"@id":"https:\/\/xn--cnov-bpad.com\/#website"},"primaryImageOfPage":{"@id":"https:\/\/xn--cnov-bpad.com\/index.php\/les-prestataires\/#primaryimage"},"image":{"@id":"https:\/\/xn--cnov-bpad.com\/index.php\/les-prestataires\/#primaryimage"},"thumbnailUrl":"https:\/\/xn--cnov-bpad.com\/wp-content\/uploads\/2021\/05\/ZE1A7623.jpeg","datePublished":"2021-07-13T13:49:59+00:00","dateModified":"2021-07-13T13:50:00+00:00","description":"C\u00e9nov\u00e9 travaille en confiance avec des prestataires fid\u00e9lis\u00e9s, f\u00e9d\u00e9r\u00e9s autour du l'humain pour cr\u00e9er la magie de l'instant.","breadcrumb":{"@id":"https:\/\/xn--cnov-bpad.com\/index.php\/les-prestataires\/#breadcrumb"},"inLanguage":"fr-FR","potentialAction":[{"@type":"ReadAction","target":["https:\/\/xn--cnov-bpad.com\/index.php\/les-prestataires\/"]}]},{"@type":"ImageObject","inLanguage":"fr-FR","@id":"https:\/\/xn--cnov-bpad.com\/index.php\/les-prestataires\/#primaryimage","url":"https:\/\/xn--cnov-bpad.com\/wp-content\/uploads\/2021\/05\/ZE1A7623.jpeg","contentUrl":"https:\/\/xn--cnov-bpad.com\/wp-content\/uploads\/2021\/05\/ZE1A7623.jpeg","width":1024,"height":683},{"@type":"BreadcrumbList","@id":"https:\/\/xn--cnov-bpad.com\/index.php\/les-prestataires\/#breadcrumb","itemListElement":[{"@type":"ListItem","position":1,"name":"Accueil","item":"https:\/\/xn--cnov-bpad.com\/"},{"@type":"ListItem","position":2,"name":"Les prestataires"}]},{"@type":"WebSite","@id":"https:\/\/xn--cnov-bpad.com\/#website","url":"https:\/\/xn--cnov-bpad.com\/","name":"C\u00e9nov\u00e9","description":"Cr\u00e9ation d&#039;\u00e9v\u00e8nements singuliers immersifs en Nouvelle-Aquitaine","publisher":{"@id":"https:\/\/xn--cnov-bpad.com\/#organization"},"potentialAction":[{"@type":"SearchAction","target":{"@type":"EntryPoint","urlTemplate":"https:\/\/xn--cnov-bpad.com\/?s={search_term_string}"},"query-input":{"@type":"PropertyValueSpecification","valueRequired":true,"valueName":"search_term_string"}}],"inLanguage":"fr-FR"},{"@type":"Organization","@id":"https:\/\/xn--cnov-bpad.com\/#organization","name":"C\u00e9nov\u00e9","url":"https:\/\/xn--cnov-bpad.com\/","logo":{"@type":"ImageObject","inLanguage":"fr-FR","@id":"https:\/\/xn--cnov-bpad.com\/#\/schema\/logo\/image\/","url":"http:\/\/xn--cnov-bpad.com\/wp-content\/uploads\/2021\/05\/CENOVE_LOGOS-NOIR.png","contentUrl":"http:\/\/xn--cnov-bpad.com\/wp-content\/uploads\/2021\/05\/CENOVE_LOGOS-NOIR.png","width":170,"height":51,"caption":"C\u00e9nov\u00e9"},"image":{"@id":"https:\/\/xn--cnov-bpad.com\/#\/schema\/logo\/image\/"},"sameAs":["https:\/\/www.instagram.com\/cenove.event"]}]}},"_links":{"self":[{"href":"https:\/\/xn--cnov-bpad.com\/index.php\/wp-json\/wp\/v2\/pages\/387","targetHints":{"allow":["GET"]}}],"collection":[{"href":"https:\/\/xn--cnov-bpad.com\/index.php\/wp-json\/wp\/v2\/pages"}],"about":[{"href":"https:\/\/xn--cnov-bpad.com\/index.php\/wp-json\/wp\/v2\/types\/page"}],"author":[{"embeddable":true,"href":"https:\/\/xn--cnov-bpad.com\/index.php\/wp-json\/wp\/v2\/users\/2"}],"replies":[{"embeddable":true,"href":"https:\/\/xn--cnov-bpad.com\/index.php\/wp-json\/wp\/v2\/comments?post=387"}],"version-history":[{"count":1,"href":"https:\/\/xn--cnov-bpad.com\/index.php\/wp-json\/wp\/v2\/pages\/387\/revisions"}],"predecessor-version":[{"id":388,"href":"https:\/\/xn--cnov-bpad.com\/index.php\/wp-json\/wp\/v2\/pages\/387\/revisions\/388"}],"wp:featuredmedia":[{"embeddable":true,"href":"https:\/\/xn--cnov-bpad.com\/index.php\/wp-json\/wp\/v2\/media\/36"}],"wp:attachment":[{"href":"https:\/\/xn--cnov-bpad.com\/index.php\/wp-json\/wp\/v2\/media?parent=387"}],"curies":[{"name":"wp","href":"https:\/\/api.w.org\/{rel}","templated":true}]}}