{"id":384,"date":"2021-07-13T15:43:56","date_gmt":"2021-07-13T13:43:56","guid":{"rendered":"https:\/\/xn--cnov-bpad.com\/?page_id=384"},"modified":"2021-07-13T15:43:57","modified_gmt":"2021-07-13T13:43:57","slug":"le-concept-creation-evenements-climat-emotion","status":"publish","type":"page","link":"https:\/\/xn--cnov-bpad.com\/index.php\/le-concept-creation-evenements-climat-emotion\/","title":{"rendered":"Le concept"},"content":{"rendered":"\n<p>Les g\u00e8nes de C\u00e9nov\u00e9 : n\u00e9e de la contraction de cr\u00e9ativit\u00e9, mise en sc\u00e8ne, &#8220;nouvelle&#8221; S\u00e8ve (exp\u00e9riences de ma soci\u00e9t\u00e9 la S\u00e8ve), V\u00e9ronique, et de la graine de S\u00e9nev\u00e9 : plus petite semence qui existe et qui devient un arbre.<\/p>\n\n\n\n<p>Au travers la cr\u00e9ation d&#8217;\u00e9v\u00e8nements uniques, C\u00e9nov\u00e9 pointe 3 objectifs :<\/p>\n\n\n\n<ul class=\"wp-block-list\"><li>Mettre &#8220;en lumi\u00e8re&#8221; les dirigeants d&#8217;entreprise et leurs \u00e9quipes \u00e0 travers des \u00e9v\u00e8nements, des coh\u00e9sions d&#8217;\u00e9quipe et des animations sp\u00e9cialement con\u00e7ues pour eux.<\/li><li>Impliquer les \u00e9quipes dans des situations immersives pour valoriser le lien et &#8221; faire jaillir &#8221; la cr\u00e9ativit\u00e9.<\/li><li>Cr\u00e9er un climat d&#8217;\u00e9motion&nbsp;dans des lieux atypiques, propice au r\u00e9veil de l&#8217;imaginaire et \u00e0 la rupture avec le formel, l&#8217;acad\u00e9mique et le quotidien.<\/li><\/ul>\n\n\n\n<p><strong>Nourrie de plus de 25 ans d&#8217;exp\u00e9rience C\u00c9NOV\u00c9 cr\u00e9e aujourd&#8217;hui des \u00e9v\u00e8nements singuliers pour vos collaborateurs et vos clients <\/strong>dont : S\u00e9minaires de coh\u00e9sion d&#8217;\u00e9quipe&nbsp;immersifs, soir\u00e9es singuli\u00e8res pour (re)cr\u00e9er un \u00e9change de valeurs&nbsp;dans des lieux atypiques en lien avec le monde des arts, du patrimoine, de la gastronomie, des sports, du monde animal et de la nature.<\/p>\n","protected":false},"excerpt":{"rendered":"<p>Les g\u00e8nes de C\u00e9nov\u00e9 : n\u00e9e de la contraction de cr\u00e9ativit\u00e9, mise en sc\u00e8ne, &#8220;nouvelle&#8221; S\u00e8ve (exp\u00e9riences de ma soci\u00e9t\u00e9 la S\u00e8ve), V\u00e9ronique, et de &hellip; <\/p>\n","protected":false},"author":2,"featured_media":20,"parent":0,"menu_order":0,"comment_status":"closed","ping_status":"closed","template":"","meta":{"_monsterinsights_skip_tracking":false,"_monsterinsights_sitenote_active":false,"_monsterinsights_sitenote_note":"","_monsterinsights_sitenote_category":0,"footnotes":""},"class_list":["post-384","page","type-page","status-publish","has-post-thumbnail","hentry"],"yoast_head":"<!-- This site is optimized with the Yoast SEO plugin v24.9 - https:\/\/yoast.com\/wordpress\/plugins\/seo\/ -->\n<title>Le concept - C\u00e9nov\u00e9 - cr\u00e9ation d&#039;\u00e9v\u00e8nements en nouvelle-aquitaine<\/title>\n<meta name=\"description\" content=\"Au travers la cr\u00e9ation d&#039;\u00e9v\u00e8nements uniques, C\u00e9nov\u00e9 s&#039;engage \u00e0 cr\u00e9er un climat d&#039;\u00e9motion propice au r\u00e9veil de l&#039;imaginaire et \u00e0 la rupture avec le formel.\" \/>\n<meta name=\"robots\" content=\"index, follow, max-snippet:-1, max-image-preview:large, max-video-preview:-1\" \/>\n<link rel=\"canonical\" href=\"https:\/\/xn--cnov-bpad.com\/index.php\/le-concept-creation-evenements-climat-emotion\/\" \/>\n<meta property=\"og:locale\" content=\"fr_FR\" \/>\n<meta property=\"og:type\" content=\"article\" \/>\n<meta property=\"og:title\" content=\"Le concept - C\u00e9nov\u00e9 - cr\u00e9ation d&#039;\u00e9v\u00e8nements en nouvelle-aquitaine\" \/>\n<meta property=\"og:description\" content=\"Au travers la cr\u00e9ation d&#039;\u00e9v\u00e8nements uniques, C\u00e9nov\u00e9 s&#039;engage \u00e0 cr\u00e9er un climat d&#039;\u00e9motion propice au r\u00e9veil de l&#039;imaginaire et \u00e0 la rupture avec le formel.\" \/>\n<meta property=\"og:url\" content=\"https:\/\/xn--cnov-bpad.com\/index.php\/le-concept-creation-evenements-climat-emotion\/\" \/>\n<meta property=\"og:site_name\" content=\"C\u00e9nov\u00e9\" \/>\n<meta property=\"article:modified_time\" content=\"2021-07-13T13:43:57+00:00\" \/>\n<meta property=\"og:image\" content=\"https:\/\/xn--cnov-bpad.com\/wp-content\/uploads\/2021\/04\/ZE1A7715-scaled.jpg\" \/>\n\t<meta property=\"og:image:width\" content=\"2560\" \/>\n\t<meta property=\"og:image:height\" content=\"1707\" \/>\n\t<meta property=\"og:image:type\" content=\"image\/jpeg\" \/>\n<meta name=\"twitter:card\" content=\"summary_large_image\" \/>\n<meta name=\"twitter:label1\" content=\"Dur\u00e9e de lecture estim\u00e9e\" \/>\n\t<meta name=\"twitter:data1\" content=\"1 minute\" \/>\n<script type=\"application\/ld+json\" class=\"yoast-schema-graph\">{\"@context\":\"https:\/\/schema.org\",\"@graph\":[{\"@type\":[\"WebPage\",\"ContactPage\"],\"@id\":\"https:\/\/xn--cnov-bpad.com\/index.php\/le-concept-creation-evenements-climat-emotion\/\",\"url\":\"https:\/\/xn--cnov-bpad.com\/index.php\/le-concept-creation-evenements-climat-emotion\/\",\"name\":\"Le concept - C\u00e9nov\u00e9 - cr\u00e9ation d'\u00e9v\u00e8nements en nouvelle-aquitaine\",\"isPartOf\":{\"@id\":\"https:\/\/xn--cnov-bpad.com\/#website\"},\"primaryImageOfPage\":{\"@id\":\"https:\/\/xn--cnov-bpad.com\/index.php\/le-concept-creation-evenements-climat-emotion\/#primaryimage\"},\"image\":{\"@id\":\"https:\/\/xn--cnov-bpad.com\/index.php\/le-concept-creation-evenements-climat-emotion\/#primaryimage\"},\"thumbnailUrl\":\"https:\/\/xn--cnov-bpad.com\/wp-content\/uploads\/2021\/04\/ZE1A7715-scaled.jpg\",\"datePublished\":\"2021-07-13T13:43:56+00:00\",\"dateModified\":\"2021-07-13T13:43:57+00:00\",\"description\":\"Au travers la cr\u00e9ation d'\u00e9v\u00e8nements uniques, C\u00e9nov\u00e9 s'engage \u00e0 cr\u00e9er un climat d'\u00e9motion propice au r\u00e9veil de l'imaginaire et \u00e0 la rupture avec le formel.\",\"breadcrumb\":{\"@id\":\"https:\/\/xn--cnov-bpad.com\/index.php\/le-concept-creation-evenements-climat-emotion\/#breadcrumb\"},\"inLanguage\":\"fr-FR\",\"potentialAction\":[{\"@type\":\"ReadAction\",\"target\":[\"https:\/\/xn--cnov-bpad.com\/index.php\/le-concept-creation-evenements-climat-emotion\/\"]}]},{\"@type\":\"ImageObject\",\"inLanguage\":\"fr-FR\",\"@id\":\"https:\/\/xn--cnov-bpad.com\/index.php\/le-concept-creation-evenements-climat-emotion\/#primaryimage\",\"url\":\"https:\/\/xn--cnov-bpad.com\/wp-content\/uploads\/2021\/04\/ZE1A7715-scaled.jpg\",\"contentUrl\":\"https:\/\/xn--cnov-bpad.com\/wp-content\/uploads\/2021\/04\/ZE1A7715-scaled.jpg\",\"width\":2560,\"height\":1707},{\"@type\":\"BreadcrumbList\",\"@id\":\"https:\/\/xn--cnov-bpad.com\/index.php\/le-concept-creation-evenements-climat-emotion\/#breadcrumb\",\"itemListElement\":[{\"@type\":\"ListItem\",\"position\":1,\"name\":\"Accueil\",\"item\":\"https:\/\/xn--cnov-bpad.com\/\"},{\"@type\":\"ListItem\",\"position\":2,\"name\":\"Le concept\"}]},{\"@type\":\"WebSite\",\"@id\":\"https:\/\/xn--cnov-bpad.com\/#website\",\"url\":\"https:\/\/xn--cnov-bpad.com\/\",\"name\":\"C\u00e9nov\u00e9\",\"description\":\"Cr\u00e9ation d&#039;\u00e9v\u00e8nements singuliers immersifs en Nouvelle-Aquitaine\",\"publisher\":{\"@id\":\"https:\/\/xn--cnov-bpad.com\/#organization\"},\"potentialAction\":[{\"@type\":\"SearchAction\",\"target\":{\"@type\":\"EntryPoint\",\"urlTemplate\":\"https:\/\/xn--cnov-bpad.com\/?s={search_term_string}\"},\"query-input\":{\"@type\":\"PropertyValueSpecification\",\"valueRequired\":true,\"valueName\":\"search_term_string\"}}],\"inLanguage\":\"fr-FR\"},{\"@type\":\"Organization\",\"@id\":\"https:\/\/xn--cnov-bpad.com\/#organization\",\"name\":\"C\u00e9nov\u00e9\",\"url\":\"https:\/\/xn--cnov-bpad.com\/\",\"logo\":{\"@type\":\"ImageObject\",\"inLanguage\":\"fr-FR\",\"@id\":\"https:\/\/xn--cnov-bpad.com\/#\/schema\/logo\/image\/\",\"url\":\"http:\/\/xn--cnov-bpad.com\/wp-content\/uploads\/2021\/05\/CENOVE_LOGOS-NOIR.png\",\"contentUrl\":\"http:\/\/xn--cnov-bpad.com\/wp-content\/uploads\/2021\/05\/CENOVE_LOGOS-NOIR.png\",\"width\":170,\"height\":51,\"caption\":\"C\u00e9nov\u00e9\"},\"image\":{\"@id\":\"https:\/\/xn--cnov-bpad.com\/#\/schema\/logo\/image\/\"},\"sameAs\":[\"https:\/\/www.instagram.com\/cenove.event\"]}]}<\/script>\n<!-- \/ Yoast SEO plugin. -->","yoast_head_json":{"title":"Le concept - C\u00e9nov\u00e9 - cr\u00e9ation d'\u00e9v\u00e8nements en nouvelle-aquitaine","description":"Au travers la cr\u00e9ation d'\u00e9v\u00e8nements uniques, C\u00e9nov\u00e9 s'engage \u00e0 cr\u00e9er un climat d'\u00e9motion propice au r\u00e9veil de l'imaginaire et \u00e0 la rupture avec le formel.","robots":{"index":"index","follow":"follow","max-snippet":"max-snippet:-1","max-image-preview":"max-image-preview:large","max-video-preview":"max-video-preview:-1"},"canonical":"https:\/\/xn--cnov-bpad.com\/index.php\/le-concept-creation-evenements-climat-emotion\/","og_locale":"fr_FR","og_type":"article","og_title":"Le concept - C\u00e9nov\u00e9 - cr\u00e9ation d'\u00e9v\u00e8nements en nouvelle-aquitaine","og_description":"Au travers la cr\u00e9ation d'\u00e9v\u00e8nements uniques, C\u00e9nov\u00e9 s'engage \u00e0 cr\u00e9er un climat d'\u00e9motion propice au r\u00e9veil de l'imaginaire et \u00e0 la rupture avec le formel.","og_url":"https:\/\/xn--cnov-bpad.com\/index.php\/le-concept-creation-evenements-climat-emotion\/","og_site_name":"C\u00e9nov\u00e9","article_modified_time":"2021-07-13T13:43:57+00:00","og_image":[{"width":2560,"height":1707,"url":"https:\/\/xn--cnov-bpad.com\/wp-content\/uploads\/2021\/04\/ZE1A7715-scaled.jpg","type":"image\/jpeg"}],"twitter_card":"summary_large_image","twitter_misc":{"Dur\u00e9e de lecture estim\u00e9e":"1 minute"},"schema":{"@context":"https:\/\/schema.org","@graph":[{"@type":["WebPage","ContactPage"],"@id":"https:\/\/xn--cnov-bpad.com\/index.php\/le-concept-creation-evenements-climat-emotion\/","url":"https:\/\/xn--cnov-bpad.com\/index.php\/le-concept-creation-evenements-climat-emotion\/","name":"Le concept - C\u00e9nov\u00e9 - cr\u00e9ation d'\u00e9v\u00e8nements en nouvelle-aquitaine","isPartOf":{"@id":"https:\/\/xn--cnov-bpad.com\/#website"},"primaryImageOfPage":{"@id":"https:\/\/xn--cnov-bpad.com\/index.php\/le-concept-creation-evenements-climat-emotion\/#primaryimage"},"image":{"@id":"https:\/\/xn--cnov-bpad.com\/index.php\/le-concept-creation-evenements-climat-emotion\/#primaryimage"},"thumbnailUrl":"https:\/\/xn--cnov-bpad.com\/wp-content\/uploads\/2021\/04\/ZE1A7715-scaled.jpg","datePublished":"2021-07-13T13:43:56+00:00","dateModified":"2021-07-13T13:43:57+00:00","description":"Au travers la cr\u00e9ation d'\u00e9v\u00e8nements uniques, C\u00e9nov\u00e9 s'engage \u00e0 cr\u00e9er un climat d'\u00e9motion propice au r\u00e9veil de l'imaginaire et \u00e0 la rupture avec le formel.","breadcrumb":{"@id":"https:\/\/xn--cnov-bpad.com\/index.php\/le-concept-creation-evenements-climat-emotion\/#breadcrumb"},"inLanguage":"fr-FR","potentialAction":[{"@type":"ReadAction","target":["https:\/\/xn--cnov-bpad.com\/index.php\/le-concept-creation-evenements-climat-emotion\/"]}]},{"@type":"ImageObject","inLanguage":"fr-FR","@id":"https:\/\/xn--cnov-bpad.com\/index.php\/le-concept-creation-evenements-climat-emotion\/#primaryimage","url":"https:\/\/xn--cnov-bpad.com\/wp-content\/uploads\/2021\/04\/ZE1A7715-scaled.jpg","contentUrl":"https:\/\/xn--cnov-bpad.com\/wp-content\/uploads\/2021\/04\/ZE1A7715-scaled.jpg","width":2560,"height":1707},{"@type":"BreadcrumbList","@id":"https:\/\/xn--cnov-bpad.com\/index.php\/le-concept-creation-evenements-climat-emotion\/#breadcrumb","itemListElement":[{"@type":"ListItem","position":1,"name":"Accueil","item":"https:\/\/xn--cnov-bpad.com\/"},{"@type":"ListItem","position":2,"name":"Le concept"}]},{"@type":"WebSite","@id":"https:\/\/xn--cnov-bpad.com\/#website","url":"https:\/\/xn--cnov-bpad.com\/","name":"C\u00e9nov\u00e9","description":"Cr\u00e9ation d&#039;\u00e9v\u00e8nements singuliers immersifs en Nouvelle-Aquitaine","publisher":{"@id":"https:\/\/xn--cnov-bpad.com\/#organization"},"potentialAction":[{"@type":"SearchAction","target":{"@type":"EntryPoint","urlTemplate":"https:\/\/xn--cnov-bpad.com\/?s={search_term_string}"},"query-input":{"@type":"PropertyValueSpecification","valueRequired":true,"valueName":"search_term_string"}}],"inLanguage":"fr-FR"},{"@type":"Organization","@id":"https:\/\/xn--cnov-bpad.com\/#organization","name":"C\u00e9nov\u00e9","url":"https:\/\/xn--cnov-bpad.com\/","logo":{"@type":"ImageObject","inLanguage":"fr-FR","@id":"https:\/\/xn--cnov-bpad.com\/#\/schema\/logo\/image\/","url":"http:\/\/xn--cnov-bpad.com\/wp-content\/uploads\/2021\/05\/CENOVE_LOGOS-NOIR.png","contentUrl":"http:\/\/xn--cnov-bpad.com\/wp-content\/uploads\/2021\/05\/CENOVE_LOGOS-NOIR.png","width":170,"height":51,"caption":"C\u00e9nov\u00e9"},"image":{"@id":"https:\/\/xn--cnov-bpad.com\/#\/schema\/logo\/image\/"},"sameAs":["https:\/\/www.instagram.com\/cenove.event"]}]}},"_links":{"self":[{"href":"https:\/\/xn--cnov-bpad.com\/index.php\/wp-json\/wp\/v2\/pages\/384","targetHints":{"allow":["GET"]}}],"collection":[{"href":"https:\/\/xn--cnov-bpad.com\/index.php\/wp-json\/wp\/v2\/pages"}],"about":[{"href":"https:\/\/xn--cnov-bpad.com\/index.php\/wp-json\/wp\/v2\/types\/page"}],"author":[{"embeddable":true,"href":"https:\/\/xn--cnov-bpad.com\/index.php\/wp-json\/wp\/v2\/users\/2"}],"replies":[{"embeddable":true,"href":"https:\/\/xn--cnov-bpad.com\/index.php\/wp-json\/wp\/v2\/comments?post=384"}],"version-history":[{"count":1,"href":"https:\/\/xn--cnov-bpad.com\/index.php\/wp-json\/wp\/v2\/pages\/384\/revisions"}],"predecessor-version":[{"id":385,"href":"https:\/\/xn--cnov-bpad.com\/index.php\/wp-json\/wp\/v2\/pages\/384\/revisions\/385"}],"wp:featuredmedia":[{"embeddable":true,"href":"https:\/\/xn--cnov-bpad.com\/index.php\/wp-json\/wp\/v2\/media\/20"}],"wp:attachment":[{"href":"https:\/\/xn--cnov-bpad.com\/index.php\/wp-json\/wp\/v2\/media?parent=384"}],"curies":[{"name":"wp","href":"https:\/\/api.w.org\/{rel}","templated":true}]}}