{"id":368,"date":"2021-07-13T15:24:34","date_gmt":"2021-07-13T13:24:34","guid":{"rendered":"https:\/\/xn--cnov-bpad.com\/?page_id=368"},"modified":"2024-05-21T19:50:48","modified_gmt":"2024-05-21T17:50:48","slug":"les-prestations-phares","status":"publish","type":"page","link":"https:\/\/xn--cnov-bpad.com\/index.php\/les-prestations-phares\/","title":{"rendered":"Les prestations phares"},"content":{"rendered":"\n<h3 class=\"wp-block-heading has-text-align-center has-large-font-size\"><strong>Quand le temps pr\u00e9sent fait sens<\/strong><\/h3>\n\n\n\n<figure class=\"wp-block-image size-large\"><img loading=\"lazy\" decoding=\"async\" width=\"1024\" height=\"683\" src=\"http:\/\/xn--cnov-bpad.com\/wp-content\/uploads\/2024\/05\/ZE1A7960-2-1024x683.jpg\" alt=\"\" class=\"wp-image-5768\" srcset=\"https:\/\/xn--cnov-bpad.com\/wp-content\/uploads\/2024\/05\/ZE1A7960-2-1024x683.jpg 1024w, https:\/\/xn--cnov-bpad.com\/wp-content\/uploads\/2024\/05\/ZE1A7960-2-300x200.jpg 300w, https:\/\/xn--cnov-bpad.com\/wp-content\/uploads\/2024\/05\/ZE1A7960-2-768x512.jpg 768w, https:\/\/xn--cnov-bpad.com\/wp-content\/uploads\/2024\/05\/ZE1A7960-2-1536x1024.jpg 1536w, https:\/\/xn--cnov-bpad.com\/wp-content\/uploads\/2024\/05\/ZE1A7960-2-2048x1365.jpg 2048w, https:\/\/xn--cnov-bpad.com\/wp-content\/uploads\/2024\/05\/ZE1A7960-2-90x60.jpg 90w, https:\/\/xn--cnov-bpad.com\/wp-content\/uploads\/2024\/05\/ZE1A7960-2-420x280.jpg 420w\" sizes=\"auto, (max-width: 1024px) 100vw, 1024px\" \/><\/figure>\n\n\n\n<p><strong>CHEVAL ET TH\u00c9\u00c2TRE<\/strong><\/p>\n\n\n\n<p><strong>Exp\u00e9rimentation sensible et sensuelle o\u00f9 le cheval et le th\u00e9\u00e2tre viennent \u00e0 notre rencontre<\/strong>.<\/p>\n\n\n\n<p>L&#8217;art th\u00e9\u00e2tral et le cheval sont deux pratiques qui n\u00e9cessitent une plong\u00e9e totale dans la pr\u00e9sence tout autant qu&#8217;elles sont deux disciplines favorables \u00e0 la connexion avec soi-m\u00eame. <\/p>\n\n\n\n<p>Dans ce cadre l&#8217;id\u00e9e moteur est de : <\/p>\n\n\n\n<p>&#8211; Re trouver de nouvelles ressources dans des situations inconnues <\/p>\n\n\n\n<p>&#8211; Proposer une approche cr\u00e9ative accompagn\u00e9e d&#8217;une professionnelle de la communication avec les chevaux et d&#8217;une com\u00e9dienne metteur en sc\u00e8ne.<\/p>\n\n\n\n<p><strong>Pourquoi le cheval <\/strong>                                                                                                                                                             Sa stature imposante ne l&#8217;emp\u00eache pas de se sentir fragile face \u00e0 l&#8217;homme. C&#8217;est une proie face \u00e0 un pr\u00e9dateur.                                                                                                                                                                            Il vit uniquement dans l&#8217;instant pr\u00e9sent, capte les \u00e9nergies qui l&#8217;entourent. Face \u00e0 l&#8217;homme, il d\u00e9crypte ses intentions dans ses postures et dans ses actions. Il sait d\u00e9celer aussi les incoh\u00e9rences entre l&#8217;\u00eatre et le para\u00eetre. Le cheval dans son quotidien s&#8217;\u00e9quilibre dans l&#8217;interaction sociale avec les membres de son groupe, agit selon son envie et son besoin de se sentir en s\u00e9curit\u00e9. Par ses r\u00e9ponses comportementales il nous renvoie comme un miroir l&#8217;image qu&#8217;il a de nous instantan\u00e9ment. Cette image est \u00e9galement celle que nous pr\u00e9sentons aux autres humains autour de nous.                                                                                                Le cheval agit comme un collaborateur \u00e0 l&#8217;\u00e9coute et c&#8217;est l\u00e0 que la magie op\u00e8re: la transmission  des \u00e9motions et la r\u00e9paration de l&#8217;\u00e2me ou du corps.                                                                                                           Aussi le cheval est un admirable partenaire de m\u00e9diation de sant\u00e9, d&#8217;\u00e9quilibre et d&#8217;insertion.<\/p>\n\n\n\n<p class=\"has-text-align-left\"><strong>Pourquoi le th\u00e9\u00e2tre<\/strong>                                                                                                                                                            La pratique du th\u00e9\u00e2tre renforce la confiance en soi et d\u00e9veloppe notre capacit\u00e9 \u00e0 g\u00e9rer des situations embarrassantes et stressantes.                                                                                                                                       Dans cette exp\u00e9rience il s&#8217;agit de se reconnecter  \u00e0 soi par le souffle, la voix, le silence. Par des exercices  d&#8217;\u00e9chauffement th\u00e9\u00e2traux, trouver le lieu paisible qui est en chacun de nous pour prolonger ce d\u00e9sir de s&#8217;amuser \u00e0 \u00eatre quelqu&#8217;un d&#8217;autre et de se lancer \u00e0 plusieurs dans la magie th\u00e9\u00e2trale.                                          Oser, avoir envie de s&#8217;exprimer avec et sous le regard de l&#8217;autre.                                                                                                                           <em><strong>Programme sur demande  <\/strong><\/em>                                                                                                                                                                                   <\/p>\n\n\n\n<div class=\"wp-block-columns is-layout-flex wp-container-core-columns-is-layout-9d6595d7 wp-block-columns-is-layout-flex\">\n<div class=\"wp-block-column is-layout-flow wp-block-column-is-layout-flow\" style=\"flex-basis:100%\">\n<div style=\"height:64px\" aria-hidden=\"true\" class=\"wp-block-spacer\"><\/div>\n<\/div>\n<\/div>\n\n\n<div class=\"wp-block-image\">\n<figure class=\"aligncenter size-large\"><img loading=\"lazy\" decoding=\"async\" width=\"1024\" height=\"509\" src=\"http:\/\/xn--cnov-bpad.com\/wp-content\/uploads\/2021\/05\/equicoatch-image_edited-1-1024x509.jpg\" alt=\"Equicoaching - Un groupe de personnes, \u00e9quipe, dans le man\u00e8ge d'un cheval.\" class=\"wp-image-31\" srcset=\"https:\/\/xn--cnov-bpad.com\/wp-content\/uploads\/2021\/05\/equicoatch-image_edited-1-1024x509.jpg 1024w, https:\/\/xn--cnov-bpad.com\/wp-content\/uploads\/2021\/05\/equicoatch-image_edited-1-300x149.jpg 300w, https:\/\/xn--cnov-bpad.com\/wp-content\/uploads\/2021\/05\/equicoatch-image_edited-1-768x382.jpg 768w, https:\/\/xn--cnov-bpad.com\/wp-content\/uploads\/2021\/05\/equicoatch-image_edited-1-121x60.jpg 121w, https:\/\/xn--cnov-bpad.com\/wp-content\/uploads\/2021\/05\/equicoatch-image_edited-1.jpg 1199w\" sizes=\"auto, (max-width: 1024px) 100vw, 1024px\" \/><\/figure>\n<\/div>\n\n\n<h2 class=\"wp-block-heading has-normal-font-size\"><strong>EQUICOACHING<\/strong><\/h2>\n\n\n\n<p>Le cheval&nbsp; permet de se <strong>sentir align\u00e9 dans l&#8217;instant pr\u00e9sent<\/strong>, <strong>se connecter \u00e0 soi<\/strong>, \u00e0 <strong>l&#8217;autre<\/strong>, et <strong>cr\u00e9er des relations fortes et authentiques<\/strong>. Il agit comme <strong>un acc\u00e9l\u00e9rateur<\/strong>&nbsp;et facilite&nbsp;<strong>la&nbsp;prise de conscience<\/strong> de vos aptitudes et de vos points de progr\u00e8s.<\/p>\n\n\n\n<p>Une \u00e0 deux journ\u00e9es anim\u00e9es par  un coach certifi\u00e9 HEC et en Horse coaching<\/p>\n\n\n\n<div style=\"height:64px\" aria-hidden=\"true\" class=\"wp-block-spacer\"><\/div>\n\n\n\n<h2 class=\"wp-block-heading has-normal-font-size\">MIEUX-\u00caTRE AVEC LA FOR\u00caT<\/h2>\n\n\n\n<p class=\"has-text-align-left\"><strong>R\u00e9 apprendre \u00e0 respirer, retrouver les sensations de ses mouvements, se re connecter \u00e0 soi par la voix, sentir la pr\u00e9sence du vivant&nbsp;avec la Nature<\/strong>, <strong>vous conduiront \u00e0 la s\u00e9r\u00e9nit\u00e9<\/strong><\/p>\n\n\n\n<p>Sur une demie journ\u00e9e ponctu\u00e9e par un d\u00e9jeuner surprise vous (re)apprendrez \u00e0 respirer, lib\u00e9rer vos mouvements, lib\u00e9rer la voix. <\/p>\n\n\n\n<p>Vous serez encadr\u00e9s par des professionnels en bin\u00f4me . Enseignant&nbsp;Yoga et Com\u00e9dien Th\u00e9\u00e2tre ou danseur chor\u00e9graphe, ainsi qu&#8217;animateur en communication animale vous ouvriront la voie pour vous ancrer et vous (re)centrer.<\/p>\n\n\n<div class=\"wp-block-image\">\n<figure class=\"aligncenter size-large is-resized\"><img loading=\"lazy\" decoding=\"async\" width=\"1024\" height=\"768\" src=\"http:\/\/xn--cnov-bpad.com\/wp-content\/uploads\/2021\/05\/IMG-20210404-WA0010-1024x768.jpeg\" alt=\"Mieux-\u00eatre avec la for\u00eat - 4 femmes de dos traversant une for\u00eat.\" class=\"wp-image-41\" style=\"width:540px;height:405px\" srcset=\"https:\/\/xn--cnov-bpad.com\/wp-content\/uploads\/2021\/05\/IMG-20210404-WA0010-1024x768.jpeg 1024w, https:\/\/xn--cnov-bpad.com\/wp-content\/uploads\/2021\/05\/IMG-20210404-WA0010-300x225.jpeg 300w, https:\/\/xn--cnov-bpad.com\/wp-content\/uploads\/2021\/05\/IMG-20210404-WA0010-768x576.jpeg 768w, https:\/\/xn--cnov-bpad.com\/wp-content\/uploads\/2021\/05\/IMG-20210404-WA0010-1536x1152.jpeg 1536w, https:\/\/xn--cnov-bpad.com\/wp-content\/uploads\/2021\/05\/IMG-20210404-WA0010-80x60.jpeg 80w, https:\/\/xn--cnov-bpad.com\/wp-content\/uploads\/2021\/05\/IMG-20210404-WA0010.jpeg 1600w\" sizes=\"auto, (max-width: 1024px) 100vw, 1024px\" \/><figcaption class=\"wp-element-caption\">Re apprendre \u00e0 respirer, lib\u00e9rer les mouvements et la voix<\/figcaption><\/figure>\n<\/div>\n\n\n<div style=\"height:64px\" aria-hidden=\"true\" class=\"wp-block-spacer\"><\/div>\n\n\n\n<p><strong>TEAM BULDING CHANT CHORAL ET ENERGIE POSITIVE<\/strong><\/p>\n\n\n\n<p><strong>Vivre l&#8217;exp\u00e9rience de chanter ensemble, de construire une \u0153uvre commune<\/strong>, mieux s&#8217;\u00e9couter, se d\u00e9tendre, ma\u00eetriser son souffle et sa voix.<\/p>\n\n\n\n<p>Booster l&#8217;estime de soi, conscientiser sa valeur et son unicit\u00e9 ainsi que mobiliser ses ressources personnelles pour <strong>favoriser des relations harmonieuses au sein et au del\u00e0 de son \u00e9quipe<\/strong>.<\/p>\n\n\n\n<p>Un voyage dans lequel vous embarquent deux expertes dans leur domaine &#8211; chef de choeur et une coach certifi\u00e9e &#8211; sur une demi journ\u00e9e ou une journ\u00e9e pour pour faire profiter pleinement de leur compl\u00e9mentarit\u00e9.<\/p>\n\n\n\n<div style=\"height:64px\" aria-hidden=\"true\" class=\"wp-block-spacer\"><\/div>\n\n\n<div class=\"wp-block-image\">\n<figure class=\"aligncenter size-large is-resized\"><img loading=\"lazy\" decoding=\"async\" width=\"1024\" height=\"683\" src=\"http:\/\/xn--cnov-bpad.com\/wp-content\/uploads\/2021\/05\/ZE1A7699-1024x683.jpg\" alt=\"Le cirque - artiste circassienne voltigeant dans un drap\" class=\"wp-image-40\" style=\"width:543px;height:362px\" srcset=\"https:\/\/xn--cnov-bpad.com\/wp-content\/uploads\/2021\/05\/ZE1A7699-1024x683.jpg 1024w, https:\/\/xn--cnov-bpad.com\/wp-content\/uploads\/2021\/05\/ZE1A7699-300x200.jpg 300w, https:\/\/xn--cnov-bpad.com\/wp-content\/uploads\/2021\/05\/ZE1A7699-768x512.jpg 768w, https:\/\/xn--cnov-bpad.com\/wp-content\/uploads\/2021\/05\/ZE1A7699-1536x1024.jpg 1536w, https:\/\/xn--cnov-bpad.com\/wp-content\/uploads\/2021\/05\/ZE1A7699-2048x1365.jpg 2048w, https:\/\/xn--cnov-bpad.com\/wp-content\/uploads\/2021\/05\/ZE1A7699-90x60.jpg 90w, https:\/\/xn--cnov-bpad.com\/wp-content\/uploads\/2021\/05\/ZE1A7699-420x280.jpg 420w\" sizes=\"auto, (max-width: 1024px) 100vw, 1024px\" \/><figcaption class=\"wp-element-caption\">Soir\u00e9e de gala, artiste circassienne<\/figcaption><\/figure>\n<\/div>\n\n\n<h2 class=\"wp-block-heading has-normal-font-size\"><strong>LE CIRQUE<\/strong><\/h2>\n\n\n\n<p>Le chapiteau est un <strong>espace po\u00e9tique<\/strong> ou l&#8217;expression artistique se conjugue avec le travail d&#8217;\u00e9quipe. Les arts de la piste sont d&#8217;excellents vecteurs de <strong>d\u00e9passement de soi,<\/strong> de <strong>concentration, de souplesse <\/strong>(en toute circonstance).<\/p>\n\n\n\n<div style=\"height:64px\" aria-hidden=\"true\" class=\"wp-block-spacer\"><\/div>\n\n\n\n<h2 class=\"wp-block-heading has-text-align-center has-large-font-size\">C\u00c9NOV\u00c9 <br>c&#8217;est aussi l&#8217;organisation et la sc\u00e9nographie de :<\/h2>\n\n\n\n<h2 class=\"wp-block-heading has-normal-font-size\"><strong>ANIMATIONS, CONF\u00c9RENCES <\/strong><\/h2>\n\n\n\n<p>Univers du monde agricole, de la gastronomie soucieux de l&#8217;humain et de la plan\u00e8te.<\/p>\n\n\n\n<h2 class=\"wp-block-heading has-normal-font-size\"><strong>EXPOSITIONS D&#8217;\u0152UVRES D&#8217;ART CONTEMPORAIN ET PHOTOGRAPHIES HUMANITAIRE.<\/strong><\/h2>\n\n\n\n<p>Donner du sens \u00e0 votre collection, c&#8217;est promouvoir des artistes engag\u00e9s : Art Contemporain, et permettre \u00e0 un photographe humanitaire de reverser un don aux sujets qui l&#8217;ont boulevers\u00e9.<\/p>\n\n\n\n<p>Ces expositions destin\u00e9es \u00e0 tous sont organis\u00e9s dans des lieux insolites.<\/p>\n\n\n\n<div style=\"height:64px\" aria-hidden=\"true\" class=\"wp-block-spacer\"><\/div>\n","protected":false},"excerpt":{"rendered":"<p>Quand le temps pr\u00e9sent fait sens CHEVAL ET TH\u00c9\u00c2TRE Exp\u00e9rimentation sensible et sensuelle o\u00f9 le cheval et le th\u00e9\u00e2tre viennent \u00e0 notre rencontre. L&#8217;art th\u00e9\u00e2tral &hellip; <\/p>\n","protected":false},"author":2,"featured_media":33,"parent":0,"menu_order":0,"comment_status":"closed","ping_status":"closed","template":"","meta":{"_monsterinsights_skip_tracking":false,"_monsterinsights_sitenote_active":false,"_monsterinsights_sitenote_note":"","_monsterinsights_sitenote_category":0,"footnotes":""},"class_list":["post-368","page","type-page","status-publish","has-post-thumbnail","hentry"],"yoast_head":"<!-- This site is optimized with the Yoast SEO plugin v24.9 - https:\/\/yoast.com\/wordpress\/plugins\/seo\/ -->\n<title>Les prestations phares - C\u00e9nov\u00e9<\/title>\n<meta name=\"robots\" content=\"index, follow, max-snippet:-1, max-image-preview:large, max-video-preview:-1\" \/>\n<link rel=\"canonical\" href=\"https:\/\/xn--cnov-bpad.com\/index.php\/les-prestations-phares\/\" \/>\n<meta property=\"og:locale\" content=\"fr_FR\" \/>\n<meta property=\"og:type\" content=\"article\" \/>\n<meta property=\"og:title\" content=\"Les prestations phares - C\u00e9nov\u00e9\" \/>\n<meta property=\"og:description\" content=\"Quand le temps pr\u00e9sent fait sens CHEVAL ET TH\u00c9\u00c2TRE Exp\u00e9rimentation sensible et sensuelle o\u00f9 le cheval et le th\u00e9\u00e2tre viennent \u00e0 notre rencontre. L&#8217;art th\u00e9\u00e2tral &hellip;\" \/>\n<meta property=\"og:url\" content=\"https:\/\/xn--cnov-bpad.com\/index.php\/les-prestations-phares\/\" \/>\n<meta property=\"og:site_name\" content=\"C\u00e9nov\u00e9\" \/>\n<meta property=\"article:modified_time\" content=\"2024-05-21T17:50:48+00:00\" \/>\n<meta property=\"og:image\" content=\"https:\/\/xn--cnov-bpad.com\/wp-content\/uploads\/2021\/05\/ZE1A7942_edited_edited-e1620239308457.jpg\" \/>\n\t<meta property=\"og:image:width\" content=\"2362\" \/>\n\t<meta property=\"og:image:height\" content=\"734\" \/>\n\t<meta property=\"og:image:type\" content=\"image\/jpeg\" \/>\n<meta name=\"twitter:card\" content=\"summary_large_image\" \/>\n<meta name=\"twitter:label1\" content=\"Dur\u00e9e de lecture estim\u00e9e\" \/>\n\t<meta name=\"twitter:data1\" content=\"5 minutes\" \/>\n<script type=\"application\/ld+json\" class=\"yoast-schema-graph\">{\"@context\":\"https:\/\/schema.org\",\"@graph\":[{\"@type\":[\"WebPage\",\"ContactPage\"],\"@id\":\"https:\/\/xn--cnov-bpad.com\/index.php\/les-prestations-phares\/\",\"url\":\"https:\/\/xn--cnov-bpad.com\/index.php\/les-prestations-phares\/\",\"name\":\"Les prestations phares - C\u00e9nov\u00e9\",\"isPartOf\":{\"@id\":\"https:\/\/xn--cnov-bpad.com\/#website\"},\"primaryImageOfPage\":{\"@id\":\"https:\/\/xn--cnov-bpad.com\/index.php\/les-prestations-phares\/#primaryimage\"},\"image\":{\"@id\":\"https:\/\/xn--cnov-bpad.com\/index.php\/les-prestations-phares\/#primaryimage\"},\"thumbnailUrl\":\"https:\/\/xn--cnov-bpad.com\/wp-content\/uploads\/2021\/05\/ZE1A7942_edited_edited-e1620239308457.jpg\",\"datePublished\":\"2021-07-13T13:24:34+00:00\",\"dateModified\":\"2024-05-21T17:50:48+00:00\",\"breadcrumb\":{\"@id\":\"https:\/\/xn--cnov-bpad.com\/index.php\/les-prestations-phares\/#breadcrumb\"},\"inLanguage\":\"fr-FR\",\"potentialAction\":[{\"@type\":\"ReadAction\",\"target\":[\"https:\/\/xn--cnov-bpad.com\/index.php\/les-prestations-phares\/\"]}]},{\"@type\":\"ImageObject\",\"inLanguage\":\"fr-FR\",\"@id\":\"https:\/\/xn--cnov-bpad.com\/index.php\/les-prestations-phares\/#primaryimage\",\"url\":\"https:\/\/xn--cnov-bpad.com\/wp-content\/uploads\/2021\/05\/ZE1A7942_edited_edited-e1620239308457.jpg\",\"contentUrl\":\"https:\/\/xn--cnov-bpad.com\/wp-content\/uploads\/2021\/05\/ZE1A7942_edited_edited-e1620239308457.jpg\",\"width\":2362,\"height\":734},{\"@type\":\"BreadcrumbList\",\"@id\":\"https:\/\/xn--cnov-bpad.com\/index.php\/les-prestations-phares\/#breadcrumb\",\"itemListElement\":[{\"@type\":\"ListItem\",\"position\":1,\"name\":\"Accueil\",\"item\":\"https:\/\/xn--cnov-bpad.com\/\"},{\"@type\":\"ListItem\",\"position\":2,\"name\":\"Les prestations phares\"}]},{\"@type\":\"WebSite\",\"@id\":\"https:\/\/xn--cnov-bpad.com\/#website\",\"url\":\"https:\/\/xn--cnov-bpad.com\/\",\"name\":\"C\u00e9nov\u00e9\",\"description\":\"Cr\u00e9ation d&#039;\u00e9v\u00e8nements singuliers immersifs en Nouvelle-Aquitaine\",\"publisher\":{\"@id\":\"https:\/\/xn--cnov-bpad.com\/#organization\"},\"potentialAction\":[{\"@type\":\"SearchAction\",\"target\":{\"@type\":\"EntryPoint\",\"urlTemplate\":\"https:\/\/xn--cnov-bpad.com\/?s={search_term_string}\"},\"query-input\":{\"@type\":\"PropertyValueSpecification\",\"valueRequired\":true,\"valueName\":\"search_term_string\"}}],\"inLanguage\":\"fr-FR\"},{\"@type\":\"Organization\",\"@id\":\"https:\/\/xn--cnov-bpad.com\/#organization\",\"name\":\"C\u00e9nov\u00e9\",\"url\":\"https:\/\/xn--cnov-bpad.com\/\",\"logo\":{\"@type\":\"ImageObject\",\"inLanguage\":\"fr-FR\",\"@id\":\"https:\/\/xn--cnov-bpad.com\/#\/schema\/logo\/image\/\",\"url\":\"http:\/\/xn--cnov-bpad.com\/wp-content\/uploads\/2021\/05\/CENOVE_LOGOS-NOIR.png\",\"contentUrl\":\"http:\/\/xn--cnov-bpad.com\/wp-content\/uploads\/2021\/05\/CENOVE_LOGOS-NOIR.png\",\"width\":170,\"height\":51,\"caption\":\"C\u00e9nov\u00e9\"},\"image\":{\"@id\":\"https:\/\/xn--cnov-bpad.com\/#\/schema\/logo\/image\/\"},\"sameAs\":[\"https:\/\/www.instagram.com\/cenove.event\"]}]}<\/script>\n<!-- \/ Yoast SEO plugin. -->","yoast_head_json":{"title":"Les prestations phares - C\u00e9nov\u00e9","robots":{"index":"index","follow":"follow","max-snippet":"max-snippet:-1","max-image-preview":"max-image-preview:large","max-video-preview":"max-video-preview:-1"},"canonical":"https:\/\/xn--cnov-bpad.com\/index.php\/les-prestations-phares\/","og_locale":"fr_FR","og_type":"article","og_title":"Les prestations phares - C\u00e9nov\u00e9","og_description":"Quand le temps pr\u00e9sent fait sens CHEVAL ET TH\u00c9\u00c2TRE Exp\u00e9rimentation sensible et sensuelle o\u00f9 le cheval et le th\u00e9\u00e2tre viennent \u00e0 notre rencontre. L&#8217;art th\u00e9\u00e2tral &hellip;","og_url":"https:\/\/xn--cnov-bpad.com\/index.php\/les-prestations-phares\/","og_site_name":"C\u00e9nov\u00e9","article_modified_time":"2024-05-21T17:50:48+00:00","og_image":[{"width":2362,"height":734,"url":"https:\/\/xn--cnov-bpad.com\/wp-content\/uploads\/2021\/05\/ZE1A7942_edited_edited-e1620239308457.jpg","type":"image\/jpeg"}],"twitter_card":"summary_large_image","twitter_misc":{"Dur\u00e9e de lecture estim\u00e9e":"5 minutes"},"schema":{"@context":"https:\/\/schema.org","@graph":[{"@type":["WebPage","ContactPage"],"@id":"https:\/\/xn--cnov-bpad.com\/index.php\/les-prestations-phares\/","url":"https:\/\/xn--cnov-bpad.com\/index.php\/les-prestations-phares\/","name":"Les prestations phares - C\u00e9nov\u00e9","isPartOf":{"@id":"https:\/\/xn--cnov-bpad.com\/#website"},"primaryImageOfPage":{"@id":"https:\/\/xn--cnov-bpad.com\/index.php\/les-prestations-phares\/#primaryimage"},"image":{"@id":"https:\/\/xn--cnov-bpad.com\/index.php\/les-prestations-phares\/#primaryimage"},"thumbnailUrl":"https:\/\/xn--cnov-bpad.com\/wp-content\/uploads\/2021\/05\/ZE1A7942_edited_edited-e1620239308457.jpg","datePublished":"2021-07-13T13:24:34+00:00","dateModified":"2024-05-21T17:50:48+00:00","breadcrumb":{"@id":"https:\/\/xn--cnov-bpad.com\/index.php\/les-prestations-phares\/#breadcrumb"},"inLanguage":"fr-FR","potentialAction":[{"@type":"ReadAction","target":["https:\/\/xn--cnov-bpad.com\/index.php\/les-prestations-phares\/"]}]},{"@type":"ImageObject","inLanguage":"fr-FR","@id":"https:\/\/xn--cnov-bpad.com\/index.php\/les-prestations-phares\/#primaryimage","url":"https:\/\/xn--cnov-bpad.com\/wp-content\/uploads\/2021\/05\/ZE1A7942_edited_edited-e1620239308457.jpg","contentUrl":"https:\/\/xn--cnov-bpad.com\/wp-content\/uploads\/2021\/05\/ZE1A7942_edited_edited-e1620239308457.jpg","width":2362,"height":734},{"@type":"BreadcrumbList","@id":"https:\/\/xn--cnov-bpad.com\/index.php\/les-prestations-phares\/#breadcrumb","itemListElement":[{"@type":"ListItem","position":1,"name":"Accueil","item":"https:\/\/xn--cnov-bpad.com\/"},{"@type":"ListItem","position":2,"name":"Les prestations phares"}]},{"@type":"WebSite","@id":"https:\/\/xn--cnov-bpad.com\/#website","url":"https:\/\/xn--cnov-bpad.com\/","name":"C\u00e9nov\u00e9","description":"Cr\u00e9ation d&#039;\u00e9v\u00e8nements singuliers immersifs en Nouvelle-Aquitaine","publisher":{"@id":"https:\/\/xn--cnov-bpad.com\/#organization"},"potentialAction":[{"@type":"SearchAction","target":{"@type":"EntryPoint","urlTemplate":"https:\/\/xn--cnov-bpad.com\/?s={search_term_string}"},"query-input":{"@type":"PropertyValueSpecification","valueRequired":true,"valueName":"search_term_string"}}],"inLanguage":"fr-FR"},{"@type":"Organization","@id":"https:\/\/xn--cnov-bpad.com\/#organization","name":"C\u00e9nov\u00e9","url":"https:\/\/xn--cnov-bpad.com\/","logo":{"@type":"ImageObject","inLanguage":"fr-FR","@id":"https:\/\/xn--cnov-bpad.com\/#\/schema\/logo\/image\/","url":"http:\/\/xn--cnov-bpad.com\/wp-content\/uploads\/2021\/05\/CENOVE_LOGOS-NOIR.png","contentUrl":"http:\/\/xn--cnov-bpad.com\/wp-content\/uploads\/2021\/05\/CENOVE_LOGOS-NOIR.png","width":170,"height":51,"caption":"C\u00e9nov\u00e9"},"image":{"@id":"https:\/\/xn--cnov-bpad.com\/#\/schema\/logo\/image\/"},"sameAs":["https:\/\/www.instagram.com\/cenove.event"]}]}},"_links":{"self":[{"href":"https:\/\/xn--cnov-bpad.com\/index.php\/wp-json\/wp\/v2\/pages\/368","targetHints":{"allow":["GET"]}}],"collection":[{"href":"https:\/\/xn--cnov-bpad.com\/index.php\/wp-json\/wp\/v2\/pages"}],"about":[{"href":"https:\/\/xn--cnov-bpad.com\/index.php\/wp-json\/wp\/v2\/types\/page"}],"author":[{"embeddable":true,"href":"https:\/\/xn--cnov-bpad.com\/index.php\/wp-json\/wp\/v2\/users\/2"}],"replies":[{"embeddable":true,"href":"https:\/\/xn--cnov-bpad.com\/index.php\/wp-json\/wp\/v2\/comments?post=368"}],"version-history":[{"count":6,"href":"https:\/\/xn--cnov-bpad.com\/index.php\/wp-json\/wp\/v2\/pages\/368\/revisions"}],"predecessor-version":[{"id":5774,"href":"https:\/\/xn--cnov-bpad.com\/index.php\/wp-json\/wp\/v2\/pages\/368\/revisions\/5774"}],"wp:featuredmedia":[{"embeddable":true,"href":"https:\/\/xn--cnov-bpad.com\/index.php\/wp-json\/wp\/v2\/media\/33"}],"wp:attachment":[{"href":"https:\/\/xn--cnov-bpad.com\/index.php\/wp-json\/wp\/v2\/media?parent=368"}],"curies":[{"name":"wp","href":"https:\/\/api.w.org\/{rel}","templated":true}]}}